{"id":433,"date":"2022-04-02T19:51:04","date_gmt":"2022-04-02T18:51:04","guid":{"rendered":"https:\/\/www.villa-lucica.com\/?page_id=433"},"modified":"2022-04-02T19:51:05","modified_gmt":"2022-04-02T18:51:05","slug":"buchung","status":"publish","type":"page","link":"https:\/\/www.villa-lucica.com\/de\/buchung\/","title":{"rendered":"Buchung"},"content":{"rendered":"<p>Buchen Sie jetzt Ihren Aufenthalt in der wundersch\u00f6nen Villa Lu\u010dica!<\/p><script src=\"\/\/www.bentral.com\/service\/embed\/booking.js?id=5f6a63774d515f4d&#038;width=full&#038;lang=de&#038;key=de5b3c64c9fc45f397331b25103b5c1f\"><\/script>","protected":false},"excerpt":{"rendered":"<p>Buchen Sie jetzt Ihren Aufenthalt in der wundersch\u00f6nen Villa Lu\u010dica!<\/p>\n","protected":false},"author":1,"featured_media":0,"parent":0,"menu_order":0,"comment_status":"closed","ping_status":"closed","template":"","meta":{"_uag_custom_page_level_css":"","ub_ctt_via":"","footnotes":""},"class_list":["post-433","page","type-page","status-publish","hentry"],"featured_image_src":null,"yoast_head":"<!-- This site is optimized with the Yoast SEO plugin v25.2 - https:\/\/yoast.com\/wordpress\/plugins\/seo\/ -->\n<title>Buchung - Villa Lu\u010dica<\/title>\n<meta name=\"robots\" content=\"index, follow, max-snippet:-1, max-image-preview:large, max-video-preview:-1\" \/>\n<link rel=\"canonical\" href=\"https:\/\/www.villa-lucica.com\/de\/buchung\/\" \/>\n<meta property=\"og:locale\" content=\"de_DE\" \/>\n<meta property=\"og:type\" content=\"article\" \/>\n<meta property=\"og:title\" content=\"Buchung - Villa Lu\u010dica\" \/>\n<meta property=\"og:description\" content=\"Buchen Sie jetzt Ihren Aufenthalt in der wundersch\u00f6nen Villa Lu\u010dica!\" \/>\n<meta property=\"og:url\" content=\"https:\/\/www.villa-lucica.com\/de\/buchung\/\" \/>\n<meta property=\"og:site_name\" content=\"Villa Lu\u010dica\" \/>\n<meta property=\"article:modified_time\" content=\"2022-04-02T18:51:05+00:00\" \/>\n<meta name=\"twitter:card\" content=\"summary_large_image\" \/>\n<meta name=\"twitter:label1\" content=\"Gesch\u00e4tzte Lesezeit\" \/>\n\t<meta name=\"twitter:data1\" content=\"1\u00a0Minute\" \/>\n<script type=\"application\/ld+json\" class=\"yoast-schema-graph\">{\"@context\":\"https:\/\/schema.org\",\"@graph\":[{\"@type\":\"WebPage\",\"@id\":\"https:\/\/www.villa-lucica.com\/de\/buchung\/\",\"url\":\"https:\/\/www.villa-lucica.com\/de\/buchung\/\",\"name\":\"Buchung - Villa Lu\u010dica\",\"isPartOf\":{\"@id\":\"https:\/\/www.villa-lucica.com\/#website\"},\"datePublished\":\"2022-04-02T18:51:04+00:00\",\"dateModified\":\"2022-04-02T18:51:05+00:00\",\"inLanguage\":\"de\",\"potentialAction\":[{\"@type\":\"ReadAction\",\"target\":[\"https:\/\/www.villa-lucica.com\/de\/buchung\/\"]}]},{\"@type\":\"WebSite\",\"@id\":\"https:\/\/www.villa-lucica.com\/#website\",\"url\":\"https:\/\/www.villa-lucica.com\/\",\"name\":\"Villa Lu\u010dica\",\"description\":\"Luxury Apartments\",\"publisher\":{\"@id\":\"https:\/\/www.villa-lucica.com\/#organization\"},\"potentialAction\":[{\"@type\":\"SearchAction\",\"target\":{\"@type\":\"EntryPoint\",\"urlTemplate\":\"https:\/\/www.villa-lucica.com\/?s={search_term_string}\"},\"query-input\":{\"@type\":\"PropertyValueSpecification\",\"valueRequired\":true,\"valueName\":\"search_term_string\"}}],\"inLanguage\":\"de\"},{\"@type\":\"Organization\",\"@id\":\"https:\/\/www.villa-lucica.com\/#organization\",\"name\":\"Villa Lu\u010dica\",\"url\":\"https:\/\/www.villa-lucica.com\/\",\"logo\":{\"@type\":\"ImageObject\",\"inLanguage\":\"de\",\"@id\":\"https:\/\/www.villa-lucica.com\/#\/schema\/logo\/image\/\",\"url\":\"https:\/\/www.villa-lucica.com\/wp-content\/uploads\/2022\/03\/VillaLucica_150.png\",\"contentUrl\":\"https:\/\/www.villa-lucica.com\/wp-content\/uploads\/2022\/03\/VillaLucica_150.png\",\"width\":128,\"height\":150,\"caption\":\"Villa Lu\u010dica\"},\"image\":{\"@id\":\"https:\/\/www.villa-lucica.com\/#\/schema\/logo\/image\/\"}}]}<\/script>\n<!-- \/ Yoast SEO plugin. -->","yoast_head_json":{"title":"Buchung - Villa Lu\u010dica","robots":{"index":"index","follow":"follow","max-snippet":"max-snippet:-1","max-image-preview":"max-image-preview:large","max-video-preview":"max-video-preview:-1"},"canonical":"https:\/\/www.villa-lucica.com\/de\/buchung\/","og_locale":"de_DE","og_type":"article","og_title":"Buchung - Villa Lu\u010dica","og_description":"Buchen Sie jetzt Ihren Aufenthalt in der wundersch\u00f6nen Villa Lu\u010dica!","og_url":"https:\/\/www.villa-lucica.com\/de\/buchung\/","og_site_name":"Villa Lu\u010dica","article_modified_time":"2022-04-02T18:51:05+00:00","twitter_card":"summary_large_image","twitter_misc":{"Gesch\u00e4tzte Lesezeit":"1\u00a0Minute"},"schema":{"@context":"https:\/\/schema.org","@graph":[{"@type":"WebPage","@id":"https:\/\/www.villa-lucica.com\/de\/buchung\/","url":"https:\/\/www.villa-lucica.com\/de\/buchung\/","name":"Buchung - Villa Lu\u010dica","isPartOf":{"@id":"https:\/\/www.villa-lucica.com\/#website"},"datePublished":"2022-04-02T18:51:04+00:00","dateModified":"2022-04-02T18:51:05+00:00","inLanguage":"de","potentialAction":[{"@type":"ReadAction","target":["https:\/\/www.villa-lucica.com\/de\/buchung\/"]}]},{"@type":"WebSite","@id":"https:\/\/www.villa-lucica.com\/#website","url":"https:\/\/www.villa-lucica.com\/","name":"Villa Lu\u010dica","description":"Luxury Apartments","publisher":{"@id":"https:\/\/www.villa-lucica.com\/#organization"},"potentialAction":[{"@type":"SearchAction","target":{"@type":"EntryPoint","urlTemplate":"https:\/\/www.villa-lucica.com\/?s={search_term_string}"},"query-input":{"@type":"PropertyValueSpecification","valueRequired":true,"valueName":"search_term_string"}}],"inLanguage":"de"},{"@type":"Organization","@id":"https:\/\/www.villa-lucica.com\/#organization","name":"Villa Lu\u010dica","url":"https:\/\/www.villa-lucica.com\/","logo":{"@type":"ImageObject","inLanguage":"de","@id":"https:\/\/www.villa-lucica.com\/#\/schema\/logo\/image\/","url":"https:\/\/www.villa-lucica.com\/wp-content\/uploads\/2022\/03\/VillaLucica_150.png","contentUrl":"https:\/\/www.villa-lucica.com\/wp-content\/uploads\/2022\/03\/VillaLucica_150.png","width":128,"height":150,"caption":"Villa Lu\u010dica"},"image":{"@id":"https:\/\/www.villa-lucica.com\/#\/schema\/logo\/image\/"}}]}},"uagb_featured_image_src":{"full":false,"thumbnail":false,"medium":false,"medium_large":false,"large":false,"1536x1536":false,"2048x2048":false,"woocommerce_thumbnail":false,"woocommerce_single":false,"woocommerce_gallery_thumbnail":false},"uagb_author_info":{"display_name":"admin","author_link":"https:\/\/www.villa-lucica.com\/de\/author\/admin\/"},"uagb_comment_info":0,"uagb_excerpt":"Buchen Sie jetzt Ihren Aufenthalt in der wundersch\u00f6nen Villa Lu\u010dica!","_links":{"self":[{"href":"https:\/\/www.villa-lucica.com\/de\/wp-json\/wp\/v2\/pages\/433","targetHints":{"allow":["GET"]}}],"collection":[{"href":"https:\/\/www.villa-lucica.com\/de\/wp-json\/wp\/v2\/pages"}],"about":[{"href":"https:\/\/www.villa-lucica.com\/de\/wp-json\/wp\/v2\/types\/page"}],"author":[{"embeddable":true,"href":"https:\/\/www.villa-lucica.com\/de\/wp-json\/wp\/v2\/users\/1"}],"replies":[{"embeddable":true,"href":"https:\/\/www.villa-lucica.com\/de\/wp-json\/wp\/v2\/comments?post=433"}],"version-history":[{"count":1,"href":"https:\/\/www.villa-lucica.com\/de\/wp-json\/wp\/v2\/pages\/433\/revisions"}],"predecessor-version":[{"id":436,"href":"https:\/\/www.villa-lucica.com\/de\/wp-json\/wp\/v2\/pages\/433\/revisions\/436"}],"wp:attachment":[{"href":"https:\/\/www.villa-lucica.com\/de\/wp-json\/wp\/v2\/media?parent=433"}],"curies":[{"name":"wp","href":"https:\/\/api.w.org\/{rel}","templated":true}]}}