{"id":425,"date":"2022-03-24T07:50:21","date_gmt":"2022-03-24T06:50:21","guid":{"rendered":"https:\/\/www.villa-lucica.com\/product\/appartement-61-90-m2\/"},"modified":"2022-04-02T19:41:46","modified_gmt":"2022-04-02T18:41:46","slug":"appartement-61-90-m2","status":"publish","type":"product","link":"https:\/\/www.villa-lucica.com\/de\/product\/appartement-61-90-m2\/","title":{"rendered":"Appartement (6+1)"},"content":{"rendered":"","protected":false},"excerpt":{"rendered":"<p><strong>Das Appartement beinhaltet drei ger\u00e4umige Schlafzimmer mit Doppelbett. <\/strong><\/p>\n<p>Das gro\u00dfe Wohnbereich mit einer voll ausgestatteten K\u00fcche und der Essecke wird mit der Terrasse verbunden und bietet eine wundersch\u00f6ne Aussicht aufs Meer. Das Appartement hat zwei Badezimmer mit einer Dusche und einer Waschmaschine.<\/p>\n<p>Die Ferienwohnung bietet ausreichend Platz f\u00fcr sechs Personen, im Wohnbereich befindet sich noch ein zus\u00e4tzliches Bett. Das Appartement verf\u00fcgt \u00fcber Sat-TV, Klimaanlage, Safe und WiFi.<\/p>\n","protected":false},"featured_media":292,"template":"","meta":{"_uag_custom_page_level_css":"","ub_ctt_via":""},"product_brand":[],"product_cat":[63],"product_tag":[],"class_list":{"0":"post-425","1":"product","2":"type-product","3":"status-publish","4":"has-post-thumbnail","6":"product_cat-apartments-de","8":"first","9":"instock","10":"shipping-taxable","11":"product-type-simple"},"yoast_head":"<!-- This site is optimized with the Yoast SEO plugin v25.2 - https:\/\/yoast.com\/wordpress\/plugins\/seo\/ -->\n<title>Appartement (6+1) - Villa Lu\u010dica<\/title>\n<meta name=\"robots\" content=\"index, follow, max-snippet:-1, max-image-preview:large, max-video-preview:-1\" \/>\n<link rel=\"canonical\" href=\"https:\/\/www.villa-lucica.com\/de\/product\/appartement-61-90-m2\/\" \/>\n<meta property=\"og:locale\" content=\"de_DE\" \/>\n<meta property=\"og:type\" content=\"article\" \/>\n<meta property=\"og:title\" content=\"Appartement (6+1) - Villa Lu\u010dica\" \/>\n<meta property=\"og:description\" content=\"Das Appartement beinhaltet drei ger\u00e4umige Schlafzimmer mit Doppelbett.   Das gro\u00dfe Wohnbereich mit einer voll ausgestatteten K\u00fcche und der Essecke wird mit der Terrasse verbunden und bietet eine wundersch\u00f6ne Aussicht aufs Meer. Das Appartement hat zwei Badezimmer mit einer Dusche und einer Waschmaschine.  Die Ferienwohnung bietet ausreichend Platz f\u00fcr sechs Personen, im Wohnbereich befindet sich noch ein zus\u00e4tzliches Bett. Das Appartement verf\u00fcgt \u00fcber Sat-TV, Klimaanlage, Safe und WiFi.\" \/>\n<meta property=\"og:url\" content=\"https:\/\/www.villa-lucica.com\/de\/product\/appartement-61-90-m2\/\" \/>\n<meta property=\"og:site_name\" content=\"Villa Lu\u010dica\" \/>\n<meta property=\"article:modified_time\" content=\"2022-04-02T18:41:46+00:00\" \/>\n<meta property=\"og:image\" content=\"https:\/\/www.villa-lucica.com\/wp-content\/uploads\/2022\/03\/017.jpg\" \/>\n\t<meta property=\"og:image:width\" content=\"1600\" \/>\n\t<meta property=\"og:image:height\" content=\"1018\" \/>\n\t<meta property=\"og:image:type\" content=\"image\/jpeg\" \/>\n<meta name=\"twitter:card\" content=\"summary_large_image\" \/>\n<script type=\"application\/ld+json\" class=\"yoast-schema-graph\">{\"@context\":\"https:\/\/schema.org\",\"@graph\":[{\"@type\":\"WebPage\",\"@id\":\"https:\/\/www.villa-lucica.com\/de\/product\/appartement-61-90-m2\/\",\"url\":\"https:\/\/www.villa-lucica.com\/de\/product\/appartement-61-90-m2\/\",\"name\":\"Appartement (6+1) - Villa Lu\u010dica\",\"isPartOf\":{\"@id\":\"https:\/\/www.villa-lucica.com\/#website\"},\"primaryImageOfPage\":{\"@id\":\"https:\/\/www.villa-lucica.com\/de\/product\/appartement-61-90-m2\/#primaryimage\"},\"image\":{\"@id\":\"https:\/\/www.villa-lucica.com\/de\/product\/appartement-61-90-m2\/#primaryimage\"},\"thumbnailUrl\":\"https:\/\/www.villa-lucica.com\/wp-content\/uploads\/2022\/03\/017.jpg\",\"datePublished\":\"2022-03-24T06:50:21+00:00\",\"dateModified\":\"2022-04-02T18:41:46+00:00\",\"inLanguage\":\"de\",\"potentialAction\":[{\"@type\":\"ReadAction\",\"target\":[\"https:\/\/www.villa-lucica.com\/de\/product\/appartement-61-90-m2\/\"]}]},{\"@type\":\"ImageObject\",\"inLanguage\":\"de\",\"@id\":\"https:\/\/www.villa-lucica.com\/de\/product\/appartement-61-90-m2\/#primaryimage\",\"url\":\"https:\/\/www.villa-lucica.com\/wp-content\/uploads\/2022\/03\/017.jpg\",\"contentUrl\":\"https:\/\/www.villa-lucica.com\/wp-content\/uploads\/2022\/03\/017.jpg\",\"width\":1600,\"height\":1018,\"caption\":\"Appartment 6+1\"},{\"@type\":\"WebSite\",\"@id\":\"https:\/\/www.villa-lucica.com\/#website\",\"url\":\"https:\/\/www.villa-lucica.com\/\",\"name\":\"Villa Lu\u010dica\",\"description\":\"Luxury Apartments\",\"publisher\":{\"@id\":\"https:\/\/www.villa-lucica.com\/#organization\"},\"potentialAction\":[{\"@type\":\"SearchAction\",\"target\":{\"@type\":\"EntryPoint\",\"urlTemplate\":\"https:\/\/www.villa-lucica.com\/?s={search_term_string}\"},\"query-input\":{\"@type\":\"PropertyValueSpecification\",\"valueRequired\":true,\"valueName\":\"search_term_string\"}}],\"inLanguage\":\"de\"},{\"@type\":\"Organization\",\"@id\":\"https:\/\/www.villa-lucica.com\/#organization\",\"name\":\"Villa Lu\u010dica\",\"url\":\"https:\/\/www.villa-lucica.com\/\",\"logo\":{\"@type\":\"ImageObject\",\"inLanguage\":\"de\",\"@id\":\"https:\/\/www.villa-lucica.com\/#\/schema\/logo\/image\/\",\"url\":\"https:\/\/www.villa-lucica.com\/wp-content\/uploads\/2022\/03\/VillaLucica_150.png\",\"contentUrl\":\"https:\/\/www.villa-lucica.com\/wp-content\/uploads\/2022\/03\/VillaLucica_150.png\",\"width\":128,\"height\":150,\"caption\":\"Villa Lu\u010dica\"},\"image\":{\"@id\":\"https:\/\/www.villa-lucica.com\/#\/schema\/logo\/image\/\"}}]}<\/script>\n<!-- \/ Yoast SEO plugin. -->","yoast_head_json":{"title":"Appartement (6+1) - Villa Lu\u010dica","robots":{"index":"index","follow":"follow","max-snippet":"max-snippet:-1","max-image-preview":"max-image-preview:large","max-video-preview":"max-video-preview:-1"},"canonical":"https:\/\/www.villa-lucica.com\/de\/product\/appartement-61-90-m2\/","og_locale":"de_DE","og_type":"article","og_title":"Appartement (6+1) - Villa Lu\u010dica","og_description":"Das Appartement beinhaltet drei ger\u00e4umige Schlafzimmer mit Doppelbett.   Das gro\u00dfe Wohnbereich mit einer voll ausgestatteten K\u00fcche und der Essecke wird mit der Terrasse verbunden und bietet eine wundersch\u00f6ne Aussicht aufs Meer. Das Appartement hat zwei Badezimmer mit einer Dusche und einer Waschmaschine.  Die Ferienwohnung bietet ausreichend Platz f\u00fcr sechs Personen, im Wohnbereich befindet sich noch ein zus\u00e4tzliches Bett. Das Appartement verf\u00fcgt \u00fcber Sat-TV, Klimaanlage, Safe und WiFi.","og_url":"https:\/\/www.villa-lucica.com\/de\/product\/appartement-61-90-m2\/","og_site_name":"Villa Lu\u010dica","article_modified_time":"2022-04-02T18:41:46+00:00","og_image":[{"width":1600,"height":1018,"url":"https:\/\/www.villa-lucica.com\/wp-content\/uploads\/2022\/03\/017.jpg","type":"image\/jpeg"}],"twitter_card":"summary_large_image","schema":{"@context":"https:\/\/schema.org","@graph":[{"@type":"WebPage","@id":"https:\/\/www.villa-lucica.com\/de\/product\/appartement-61-90-m2\/","url":"https:\/\/www.villa-lucica.com\/de\/product\/appartement-61-90-m2\/","name":"Appartement (6+1) - Villa Lu\u010dica","isPartOf":{"@id":"https:\/\/www.villa-lucica.com\/#website"},"primaryImageOfPage":{"@id":"https:\/\/www.villa-lucica.com\/de\/product\/appartement-61-90-m2\/#primaryimage"},"image":{"@id":"https:\/\/www.villa-lucica.com\/de\/product\/appartement-61-90-m2\/#primaryimage"},"thumbnailUrl":"https:\/\/www.villa-lucica.com\/wp-content\/uploads\/2022\/03\/017.jpg","datePublished":"2022-03-24T06:50:21+00:00","dateModified":"2022-04-02T18:41:46+00:00","inLanguage":"de","potentialAction":[{"@type":"ReadAction","target":["https:\/\/www.villa-lucica.com\/de\/product\/appartement-61-90-m2\/"]}]},{"@type":"ImageObject","inLanguage":"de","@id":"https:\/\/www.villa-lucica.com\/de\/product\/appartement-61-90-m2\/#primaryimage","url":"https:\/\/www.villa-lucica.com\/wp-content\/uploads\/2022\/03\/017.jpg","contentUrl":"https:\/\/www.villa-lucica.com\/wp-content\/uploads\/2022\/03\/017.jpg","width":1600,"height":1018,"caption":"Appartment 6+1"},{"@type":"WebSite","@id":"https:\/\/www.villa-lucica.com\/#website","url":"https:\/\/www.villa-lucica.com\/","name":"Villa Lu\u010dica","description":"Luxury Apartments","publisher":{"@id":"https:\/\/www.villa-lucica.com\/#organization"},"potentialAction":[{"@type":"SearchAction","target":{"@type":"EntryPoint","urlTemplate":"https:\/\/www.villa-lucica.com\/?s={search_term_string}"},"query-input":{"@type":"PropertyValueSpecification","valueRequired":true,"valueName":"search_term_string"}}],"inLanguage":"de"},{"@type":"Organization","@id":"https:\/\/www.villa-lucica.com\/#organization","name":"Villa Lu\u010dica","url":"https:\/\/www.villa-lucica.com\/","logo":{"@type":"ImageObject","inLanguage":"de","@id":"https:\/\/www.villa-lucica.com\/#\/schema\/logo\/image\/","url":"https:\/\/www.villa-lucica.com\/wp-content\/uploads\/2022\/03\/VillaLucica_150.png","contentUrl":"https:\/\/www.villa-lucica.com\/wp-content\/uploads\/2022\/03\/VillaLucica_150.png","width":128,"height":150,"caption":"Villa Lu\u010dica"},"image":{"@id":"https:\/\/www.villa-lucica.com\/#\/schema\/logo\/image\/"}}]}},"uagb_featured_image_src":{"full":["https:\/\/www.villa-lucica.com\/wp-content\/uploads\/2022\/03\/017.jpg",1600,1018,false],"thumbnail":["https:\/\/www.villa-lucica.com\/wp-content\/uploads\/2022\/03\/017-150x150.jpg",150,150,true],"medium":["https:\/\/www.villa-lucica.com\/wp-content\/uploads\/2022\/03\/017-300x191.jpg",300,191,true],"medium_large":["https:\/\/www.villa-lucica.com\/wp-content\/uploads\/2022\/03\/017-768x489.jpg",768,489,true],"large":["https:\/\/www.villa-lucica.com\/wp-content\/uploads\/2022\/03\/017-1024x652.jpg",1024,652,true],"1536x1536":["https:\/\/www.villa-lucica.com\/wp-content\/uploads\/2022\/03\/017-1536x977.jpg",1536,977,true],"2048x2048":["https:\/\/www.villa-lucica.com\/wp-content\/uploads\/2022\/03\/017.jpg",1600,1018,false],"woocommerce_thumbnail":["https:\/\/www.villa-lucica.com\/wp-content\/uploads\/2022\/03\/017-600x600.jpg",600,600,true],"woocommerce_single":["https:\/\/www.villa-lucica.com\/wp-content\/uploads\/2022\/03\/017-1200x764.jpg",1200,764,true],"woocommerce_gallery_thumbnail":["https:\/\/www.villa-lucica.com\/wp-content\/uploads\/2022\/03\/017-100x100.jpg",100,100,true]},"uagb_author_info":{"display_name":"admin","author_link":"https:\/\/www.villa-lucica.com\/de\/author\/"},"uagb_comment_info":0,"uagb_excerpt":"Das Appartement beinhaltet drei ger\u00e4umige Schlafzimmer mit Doppelbett. Das gro\u00dfe Wohnbereich mit einer voll ausgestatteten K\u00fcche und der Essecke wird mit der Terrasse verbunden und bietet eine wundersch\u00f6ne Aussicht aufs Meer. Das Appartement hat zwei Badezimmer mit einer Dusche und einer Waschmaschine. Die Ferienwohnung bietet ausreichend Platz f\u00fcr sechs Personen, im Wohnbereich befindet sich noch&hellip;","_links":{"self":[{"href":"https:\/\/www.villa-lucica.com\/de\/wp-json\/wp\/v2\/product\/425","targetHints":{"allow":["GET"]}}],"collection":[{"href":"https:\/\/www.villa-lucica.com\/de\/wp-json\/wp\/v2\/product"}],"about":[{"href":"https:\/\/www.villa-lucica.com\/de\/wp-json\/wp\/v2\/types\/product"}],"wp:featuredmedia":[{"embeddable":true,"href":"https:\/\/www.villa-lucica.com\/de\/wp-json\/wp\/v2\/media\/292"}],"wp:attachment":[{"href":"https:\/\/www.villa-lucica.com\/de\/wp-json\/wp\/v2\/media?parent=425"}],"wp:term":[{"taxonomy":"product_brand","embeddable":true,"href":"https:\/\/www.villa-lucica.com\/de\/wp-json\/wp\/v2\/product_brand?post=425"},{"taxonomy":"product_cat","embeddable":true,"href":"https:\/\/www.villa-lucica.com\/de\/wp-json\/wp\/v2\/product_cat?post=425"},{"taxonomy":"product_tag","embeddable":true,"href":"https:\/\/www.villa-lucica.com\/de\/wp-json\/wp\/v2\/product_tag?post=425"}],"curies":[{"name":"wp","href":"https:\/\/api.w.org\/{rel}","templated":true}]}}